{"id":1361,"date":"2019-05-15T22:42:03","date_gmt":"2019-05-15T21:42:03","guid":{"rendered":"https:\/\/coglobal.es\/os\/?page_id=1361"},"modified":"2019-05-15T22:42:05","modified_gmt":"2019-05-15T21:42:05","slug":"cordoba-ceip-maimonides-el-higueron","status":"publish","type":"page","link":"https:\/\/coglobal.es\/os\/cordoba-ceip-maimonides-el-higueron\/","title":{"rendered":"C\u00f3rdoba &#8211; CEIP Maim\u00f3nides (El Higuer\u00f3n)"},"content":{"rendered":"","protected":false},"excerpt":{"rendered":"<p> [&#8230;]<\/p>\n<p><a class=\"btn btn-secondary understrap-read-more-link\" href=\"https:\/\/coglobal.es\/os\/cordoba-ceip-maimonides-el-higueron\/\">Leer m\u00e1s&#8230;<\/a><\/p>\n","protected":false},"author":3,"featured_media":0,"parent":0,"menu_order":0,"comment_status":"closed","ping_status":"closed","template":"page-tag-cordoba-ceip-maimonides-el-higueron.php","meta":{"footnotes":""},"featured_image_urls_v2":{"full":"","thumbnail":"","medium":"","medium_large":"","large":"","1536x1536":"","2048x2048":""},"post_excerpt_stackable_v2":"","category_list_v2":"","author_info_v2":{"name":"Carolina Serrano","url":"https:\/\/coglobal.es\/os\/author\/carolina\/"},"comments_num_v2":"0 comentarios","_links":{"self":[{"href":"https:\/\/coglobal.es\/os\/wp-json\/wp\/v2\/pages\/1361"}],"collection":[{"href":"https:\/\/coglobal.es\/os\/wp-json\/wp\/v2\/pages"}],"about":[{"href":"https:\/\/coglobal.es\/os\/wp-json\/wp\/v2\/types\/page"}],"author":[{"embeddable":true,"href":"https:\/\/coglobal.es\/os\/wp-json\/wp\/v2\/users\/3"}],"replies":[{"embeddable":true,"href":"https:\/\/coglobal.es\/os\/wp-json\/wp\/v2\/comments?post=1361"}],"version-history":[{"count":2,"href":"https:\/\/coglobal.es\/os\/wp-json\/wp\/v2\/pages\/1361\/revisions"}],"predecessor-version":[{"id":1363,"href":"https:\/\/coglobal.es\/os\/wp-json\/wp\/v2\/pages\/1361\/revisions\/1363"}],"wp:attachment":[{"href":"https:\/\/coglobal.es\/os\/wp-json\/wp\/v2\/media?parent=1361"}],"curies":[{"name":"wp","href":"https:\/\/api.w.org\/{rel}","templated":true}]}}