{"id":36,"date":"2018-02-12T19:16:01","date_gmt":"2018-02-12T18:16:01","guid":{"rendered":"https:\/\/coglobal.es\/os\/?page_id=36"},"modified":"2018-03-06T19:47:56","modified_gmt":"2018-03-06T18:47:56","slug":"rincon-de-la-victoria","status":"publish","type":"page","link":"https:\/\/coglobal.es\/os\/rincon-de-la-victoria\/","title":{"rendered":"Rinc\u00f3n de la Victoria"},"content":{"rendered":"<h2>Aqu\u00ed encontrar\u00e1s\u00a0 todas las publicaciones realizadas por el equipo de chicas y chicos que participan en el proyecto\u00a0<strong>\u00c1goraOS!\u00a0<\/strong>en\u00a0 Rinc\u00f3n de la Victoria<\/h2>\n<p class=\"intro-content\"><strong>\u00bfEst\u00e1s en el CEIP N. S. Candelaria de Benagalb\u00f3n?<\/strong><br \/>\nSi quieres publicar o comentar las publicaciones de tu equipo o de los equipos de otros municipios, s\u00f3lo tienes que\u00a0<strong><a href=\"https:\/\/coglobal.es\/os\/wp-login.php?action=register\">reg\u00edstrarte<\/a><\/strong>\u00a0y\u00a0 <strong><a href=\"https:\/\/coglobal.es\/os\/wp-login.php\">acceder<\/a><\/strong><\/p>\n<p><em>Los mensajes que incluyan faltas de respeto ser\u00e1n bloqueados por la plataforma.<\/em><\/p>\n","protected":false},"excerpt":{"rendered":"<p>Aqu\u00ed encontrar\u00e1s\u00a0 todas las publicaciones realizadas por el equipo de chicas y chicos que participan en el proyecto\u00a0\u00c1goraOS!\u00a0en\u00a0 Rinc\u00f3n de la Victoria \u00bfEst\u00e1s en el CEIP N. S. Candelaria de Benagalb\u00f3n? Si quieres publicar o comentar las publicaciones de tu equipo o de los equipos de otros municipios, s\u00f3lo tienes que\u00a0reg\u00edstrarte\u00a0y\u00a0 acceder Los mensajes que incluyan faltas de respeto ser\u00e1n bloqueados por la plataforma. [&#8230;]<\/p>\n<p><a class=\"btn btn-secondary understrap-read-more-link\" href=\"https:\/\/coglobal.es\/os\/rincon-de-la-victoria\/\">Leer m\u00e1s&#8230;<\/a><\/p>\n","protected":false},"author":1,"featured_media":38,"parent":0,"menu_order":0,"comment_status":"closed","ping_status":"closed","template":"page-rinconvictoria.php","meta":{"footnotes":""},"featured_image_urls_v2":{"full":["https:\/\/coglobal.es\/os\/wp-content\/uploads\/2018\/02\/rincon.jpg",1366,763,false],"thumbnail":["https:\/\/coglobal.es\/os\/wp-content\/uploads\/2018\/02\/rincon-150x150.jpg",150,150,true],"medium":["https:\/\/coglobal.es\/os\/wp-content\/uploads\/2018\/02\/rincon-300x168.jpg",300,168,true],"medium_large":["https:\/\/coglobal.es\/os\/wp-content\/uploads\/2018\/02\/rincon-768x429.jpg",640,358,true],"large":["https:\/\/coglobal.es\/os\/wp-content\/uploads\/2018\/02\/rincon-1024x572.jpg",640,358,true],"1536x1536":["https:\/\/coglobal.es\/os\/wp-content\/uploads\/2018\/02\/rincon.jpg",1366,763,false],"2048x2048":["https:\/\/coglobal.es\/os\/wp-content\/uploads\/2018\/02\/rincon.jpg",1366,763,false]},"post_excerpt_stackable_v2":"<p>Aqu\u00ed encontrar\u00e1s\u00a0 todas las publicaciones realizadas por el equipo de chicas y chicos que participan en el proyecto\u00a0\u00c1goraOS!\u00a0en\u00a0 Rinc\u00f3n de la Victoria \u00bfEst\u00e1s en el CEIP N. S. Candelaria de Benagalb\u00f3n? Si quieres publicar o comentar las publicaciones de tu equipo o de los equipos de otros municipios, s\u00f3lo tienes que\u00a0reg\u00edstrarte\u00a0y\u00a0 acceder Los mensajes que incluyan faltas de respeto ser\u00e1n bloqueados por la plataforma.<\/p>\n","category_list_v2":"","author_info_v2":{"name":"OS!","url":"https:\/\/coglobal.es\/os\/author\/coglobal_w2voeg\/"},"comments_num_v2":"0 comentarios","_links":{"self":[{"href":"https:\/\/coglobal.es\/os\/wp-json\/wp\/v2\/pages\/36"}],"collection":[{"href":"https:\/\/coglobal.es\/os\/wp-json\/wp\/v2\/pages"}],"about":[{"href":"https:\/\/coglobal.es\/os\/wp-json\/wp\/v2\/types\/page"}],"author":[{"embeddable":true,"href":"https:\/\/coglobal.es\/os\/wp-json\/wp\/v2\/users\/1"}],"replies":[{"embeddable":true,"href":"https:\/\/coglobal.es\/os\/wp-json\/wp\/v2\/comments?post=36"}],"version-history":[{"count":5,"href":"https:\/\/coglobal.es\/os\/wp-json\/wp\/v2\/pages\/36\/revisions"}],"predecessor-version":[{"id":106,"href":"https:\/\/coglobal.es\/os\/wp-json\/wp\/v2\/pages\/36\/revisions\/106"}],"wp:featuredmedia":[{"embeddable":true,"href":"https:\/\/coglobal.es\/os\/wp-json\/wp\/v2\/media\/38"}],"wp:attachment":[{"href":"https:\/\/coglobal.es\/os\/wp-json\/wp\/v2\/media?parent=36"}],"curies":[{"name":"wp","href":"https:\/\/api.w.org\/{rel}","templated":true}]}}