{"id":49,"date":"2018-02-13T11:54:43","date_gmt":"2018-02-13T11:54:43","guid":{"rendered":"https:\/\/coglobal.es\/os\/?page_id=49"},"modified":"2018-03-06T19:24:33","modified_gmt":"2018-03-06T18:24:33","slug":"almachar","status":"publish","type":"page","link":"https:\/\/coglobal.es\/os\/almachar\/","title":{"rendered":"Alm\u00e1char"},"content":{"rendered":"<h2>Aqu\u00ed encontrar\u00e1s\u00a0 todas las publicaciones realizadas por el equipo de chicas y chicos que participan en el proyecto\u00a0 \u00c1gora OS!\u00a0 en\u00a0 Alm\u00e1char<\/h2>\n<p class=\"intro-content\"><strong>\u00bfEst\u00e1s en el CEIP La Parra de Alm\u00e1char?<\/strong><br \/>\nSi quieres publicar o comentar las publicaciones de tu equipo o de los equipos de otros municipios, s\u00f3lo tienes que\u00a0<strong><a href=\"https:\/\/coglobal.es\/os\/wp-login.php?action=register\">reg\u00edstrarte<\/a><\/strong>\u00a0y\u00a0 <strong><a href=\"https:\/\/coglobal.es\/os\/wp-login.php\">acceder<\/a><\/strong><\/p>\n<p><em>Los mensajes que incluyan faltas de respeto ser\u00e1n bloqueados por la plataforma.<\/em><\/p>\n","protected":false},"excerpt":{"rendered":"<p>Aqu\u00ed encontrar\u00e1s\u00a0 todas las publicaciones realizadas por el equipo de chicas y chicos que participan en el proyecto\u00a0 \u00c1gora OS!\u00a0 en\u00a0 Alm\u00e1char \u00bfEst\u00e1s en el CEIP La Parra de Alm\u00e1char? Si quieres publicar o comentar las publicaciones de tu equipo o de los equipos de otros municipios, s\u00f3lo tienes que\u00a0reg\u00edstrarte\u00a0y\u00a0 acceder Los mensajes que incluyan faltas de respeto ser\u00e1n bloqueados por la plataforma. [&#8230;]<\/p>\n<p><a class=\"btn btn-secondary understrap-read-more-link\" href=\"https:\/\/coglobal.es\/os\/almachar\/\">Leer m\u00e1s&#8230;<\/a><\/p>\n","protected":false},"author":1,"featured_media":50,"parent":0,"menu_order":0,"comment_status":"closed","ping_status":"closed","template":"page-almachar.php","meta":{"footnotes":""},"featured_image_urls_v2":{"full":["https:\/\/coglobal.es\/os\/wp-content\/uploads\/2018\/02\/almacharweb.jpg",1632,723,false],"thumbnail":["https:\/\/coglobal.es\/os\/wp-content\/uploads\/2018\/02\/almacharweb-150x150.jpg",150,150,true],"medium":["https:\/\/coglobal.es\/os\/wp-content\/uploads\/2018\/02\/almacharweb-300x133.jpg",300,133,true],"medium_large":["https:\/\/coglobal.es\/os\/wp-content\/uploads\/2018\/02\/almacharweb-768x340.jpg",640,283,true],"large":["https:\/\/coglobal.es\/os\/wp-content\/uploads\/2018\/02\/almacharweb-1024x454.jpg",640,284,true],"1536x1536":["https:\/\/coglobal.es\/os\/wp-content\/uploads\/2018\/02\/almacharweb.jpg",1536,680,false],"2048x2048":["https:\/\/coglobal.es\/os\/wp-content\/uploads\/2018\/02\/almacharweb.jpg",1632,723,false]},"post_excerpt_stackable_v2":"<p>Aqu\u00ed encontrar\u00e1s\u00a0 todas las publicaciones realizadas por el equipo de chicas y chicos que participan en el proyecto\u00a0 \u00c1gora OS!\u00a0 en\u00a0 Alm\u00e1char \u00bfEst\u00e1s en el CEIP La Parra de Alm\u00e1char? Si quieres publicar o comentar las publicaciones de tu equipo o de los equipos de otros municipios, s\u00f3lo tienes que\u00a0reg\u00edstrarte\u00a0y\u00a0 acceder Los mensajes que incluyan faltas de respeto ser\u00e1n bloqueados por la plataforma.<\/p>\n","category_list_v2":"","author_info_v2":{"name":"OS!","url":"https:\/\/coglobal.es\/os\/author\/coglobal_w2voeg\/"},"comments_num_v2":"0 comentarios","_links":{"self":[{"href":"https:\/\/coglobal.es\/os\/wp-json\/wp\/v2\/pages\/49"}],"collection":[{"href":"https:\/\/coglobal.es\/os\/wp-json\/wp\/v2\/pages"}],"about":[{"href":"https:\/\/coglobal.es\/os\/wp-json\/wp\/v2\/types\/page"}],"author":[{"embeddable":true,"href":"https:\/\/coglobal.es\/os\/wp-json\/wp\/v2\/users\/1"}],"replies":[{"embeddable":true,"href":"https:\/\/coglobal.es\/os\/wp-json\/wp\/v2\/comments?post=49"}],"version-history":[{"count":2,"href":"https:\/\/coglobal.es\/os\/wp-json\/wp\/v2\/pages\/49\/revisions"}],"predecessor-version":[{"id":98,"href":"https:\/\/coglobal.es\/os\/wp-json\/wp\/v2\/pages\/49\/revisions\/98"}],"wp:featuredmedia":[{"embeddable":true,"href":"https:\/\/coglobal.es\/os\/wp-json\/wp\/v2\/media\/50"}],"wp:attachment":[{"href":"https:\/\/coglobal.es\/os\/wp-json\/wp\/v2\/media?parent=49"}],"curies":[{"name":"wp","href":"https:\/\/api.w.org\/{rel}","templated":true}]}}