{"id":58,"date":"2018-02-13T13:58:02","date_gmt":"2018-02-13T12:58:02","guid":{"rendered":"https:\/\/coglobal.es\/os\/?page_id=58"},"modified":"2018-03-06T19:39:29","modified_gmt":"2018-03-06T18:39:29","slug":"alcala-de-guadaira","status":"publish","type":"page","link":"https:\/\/coglobal.es\/os\/alcala-de-guadaira\/","title":{"rendered":"Alcal\u00e1 de Guada\u00edra"},"content":{"rendered":"<h2>Aqu\u00ed encontrar\u00e1s\u00a0 todas las publicaciones realizadas por el equipo de chicas y chicos que participan en el proyecto\u00a0 \u00c1gora OS!\u00a0 en\u00a0 Alcal\u00e1 de Guada\u00edra<\/h2>\n<p class=\"intro-content\"><strong>\u00bfEst\u00e1s en el Consejo de la Infancia de Alcal\u00e1 de Guada\u00edra?<\/strong><br \/>\nSi quieres publicar o comentar las publicaciones de tu equipo o de los equipos de otros municipios, s\u00f3lo tienes que\u00a0<strong><a href=\"https:\/\/coglobal.es\/os\/wp-login.php?action=register\">reg\u00edstrarte<\/a><\/strong>\u00a0y\u00a0 <strong><a href=\"https:\/\/coglobal.es\/os\/wp-login.php\">acceder<\/a><\/strong><\/p>\n<p>Los mensajes que incluyan faltas de respeto ser\u00e1n bloqueados por la plataforma.<\/p>\n","protected":false},"excerpt":{"rendered":"<p>Aqu\u00ed encontrar\u00e1s\u00a0 todas las publicaciones realizadas por el equipo de chicas y chicos que participan en el proyecto\u00a0 \u00c1gora OS!\u00a0 en\u00a0 Alcal\u00e1 de Guada\u00edra \u00bfEst\u00e1s en el Consejo de la Infancia de Alcal\u00e1 de Guada\u00edra? Si quieres publicar o comentar las publicaciones de tu equipo o de los equipos de otros municipios, s\u00f3lo tienes que\u00a0reg\u00edstrarte\u00a0y\u00a0 acceder Los mensajes que incluyan faltas de respeto ser\u00e1n bloqueados por la plataforma. [&#8230;]<\/p>\n<p><a class=\"btn btn-secondary understrap-read-more-link\" href=\"https:\/\/coglobal.es\/os\/alcala-de-guadaira\/\">Leer m\u00e1s&#8230;<\/a><\/p>\n","protected":false},"author":1,"featured_media":59,"parent":0,"menu_order":0,"comment_status":"closed","ping_status":"closed","template":"page-alcala.php","meta":{"footnotes":""},"class_list":["post-58","page","type-page","status-publish","has-post-thumbnail","hentry"],"featured_image_urls_v2":{"full":["https:\/\/coglobal.es\/os\/wp-content\/uploads\/2018\/02\/alcalaweb.jpg",1920,878,false],"thumbnail":["https:\/\/coglobal.es\/os\/wp-content\/uploads\/2018\/02\/alcalaweb-150x150.jpg",150,150,true],"medium":["https:\/\/coglobal.es\/os\/wp-content\/uploads\/2018\/02\/alcalaweb-300x137.jpg",300,137,true],"medium_large":["https:\/\/coglobal.es\/os\/wp-content\/uploads\/2018\/02\/alcalaweb-768x351.jpg",640,293,true],"large":["https:\/\/coglobal.es\/os\/wp-content\/uploads\/2018\/02\/alcalaweb-1024x468.jpg",640,293,true],"1536x1536":["https:\/\/coglobal.es\/os\/wp-content\/uploads\/2018\/02\/alcalaweb.jpg",1536,702,false],"2048x2048":["https:\/\/coglobal.es\/os\/wp-content\/uploads\/2018\/02\/alcalaweb.jpg",1920,878,false]},"post_excerpt_stackable_v2":"<p>Aqu\u00ed encontrar\u00e1s\u00a0 todas las publicaciones realizadas por el equipo de chicas y chicos que participan en el proyecto\u00a0 \u00c1gora OS!\u00a0 en\u00a0 Alcal\u00e1 de Guada\u00edra \u00bfEst\u00e1s en el Consejo de la Infancia de Alcal\u00e1 de Guada\u00edra? Si quieres publicar o comentar las publicaciones de tu equipo o de los equipos de otros municipios, s\u00f3lo tienes que\u00a0reg\u00edstrarte\u00a0y\u00a0 acceder Los mensajes que incluyan faltas de respeto ser\u00e1n bloqueados por la plataforma.<\/p>\n","category_list_v2":"","author_info_v2":{"name":"OS!","url":"https:\/\/coglobal.es\/os\/author\/coglobal_w2voeg\/"},"comments_num_v2":"0 comentarios","_links":{"self":[{"href":"https:\/\/coglobal.es\/os\/wp-json\/wp\/v2\/pages\/58","targetHints":{"allow":["GET"]}}],"collection":[{"href":"https:\/\/coglobal.es\/os\/wp-json\/wp\/v2\/pages"}],"about":[{"href":"https:\/\/coglobal.es\/os\/wp-json\/wp\/v2\/types\/page"}],"author":[{"embeddable":true,"href":"https:\/\/coglobal.es\/os\/wp-json\/wp\/v2\/users\/1"}],"replies":[{"embeddable":true,"href":"https:\/\/coglobal.es\/os\/wp-json\/wp\/v2\/comments?post=58"}],"version-history":[{"count":6,"href":"https:\/\/coglobal.es\/os\/wp-json\/wp\/v2\/pages\/58\/revisions"}],"predecessor-version":[{"id":97,"href":"https:\/\/coglobal.es\/os\/wp-json\/wp\/v2\/pages\/58\/revisions\/97"}],"wp:featuredmedia":[{"embeddable":true,"href":"https:\/\/coglobal.es\/os\/wp-json\/wp\/v2\/media\/59"}],"wp:attachment":[{"href":"https:\/\/coglobal.es\/os\/wp-json\/wp\/v2\/media?parent=58"}],"curies":[{"name":"wp","href":"https:\/\/api.w.org\/{rel}","templated":true}]}}