{"id":8,"date":"2018-02-03T12:55:38","date_gmt":"2018-02-03T11:55:38","guid":{"rendered":"https:\/\/coglobal.es\/os\/?page_id=8"},"modified":"2022-04-24T16:44:42","modified_gmt":"2022-04-24T15:44:42","slug":"about","status":"publish","type":"page","link":"https:\/\/coglobal.es\/os\/about\/","title":{"rendered":"Presentaci\u00f3n"},"content":{"rendered":"\n<p class=\"intro-content\"><em><strong>Objetivo Sostenibilidad! (OS!)<\/strong> <\/em>es un programa que combina estrategias de<strong> educaci\u00f3n para el desarrollo y democracia participativa. <\/strong>Su objetivo es trabajar con ni\u00f1os, ni\u00f1as y adolescentes (NNA), potenciando su rol de agentes para una ciudadan\u00eda global y solidaria mediante acciones de participaci\u00f3n en pol\u00edticas p\u00fablicas de divulgaci\u00f3n de los <strong>Objetivos de Desarrollo Sostenible<\/strong> (ODS). Con un enfoque participativo y de g\u00e9nero, se establecen alianzas entre el gobierno local, organizaciones sociales y NNA, se fomenta la cultura democr\u00e1tica y el empoderamiento comunicativo. <em>OS!<\/em> acerca a NNA a la agenda global desde su contexto vital y el reconocimiento de sus capacidades ante las instituciones m\u00e1s cercanas, favoreciendo tanto su desarrollo individual como su empoderamiento social. Este programa <strong>favorece sinergias entre alumnado, centros escolares, ayuntamiento, organizaciones sociales y medios de comunicaci\u00f3n<\/strong> a trav\u00e9s campa\u00f1as de sensibilizaci\u00f3n audiovisuales sobre los ODS, dise\u00f1adas con y por menores.<\/p>\n\n\n\n<p><\/p>\n\n\n\n<h2 class=\"wp-block-heading\">Objetivos de Desarrollo Sostenible<\/h2>\n\n\n\n<p>Mediante el programa <em>OS! <\/em>se\nespera ampliar los conocimientos de NNA sobre la <strong>Agenda 2030<\/strong> y ofrecerles un rol de divulgadores de los ODS en su\ncomunidad. Mediante el aprendizaje y la participaci\u00f3n, NNA del programa <em>OS!<\/em>\ndise\u00f1an y ejecutan programas de sensibilizaci\u00f3n sobre los ODS que previamente\nhayan escogido, formando parte de la <strong>estrategia\nde localizaci\u00f3n de los ODS<\/strong>.<\/p>\n\n\n\n<p>La Asamblea General de la ONU adopt\u00f3 en\n2015 la Agenda 2030 para el Desarrollo Sostenible, un plan de acci\u00f3n a favor de\nlas personas, el planeta y la prosperidad, que tambi\u00e9n tiene la intenci\u00f3n de\nfortalecer la paz universal y el acceso a la justicia. La Agenda plantea <strong>17 objetivos con 169 metas<\/strong> de car\u00e1cter integrado e indivisible que\nabarcan las esferas econ\u00f3mica, social y ambiental.<\/p>\n\n\n\n<div class=\"wp-block-image\"><figure class=\"aligncenter\"><img loading=\"lazy\" decoding=\"async\" width=\"1024\" height=\"513\" src=\"https:\/\/coglobal.es\/os\/wp-content\/uploads\/2019\/01\/image-1024x513.png\" alt=\"\" class=\"wp-image-637\" srcset=\"https:\/\/coglobal.es\/os\/wp-content\/uploads\/2019\/01\/image-1024x513.png 1024w, https:\/\/coglobal.es\/os\/wp-content\/uploads\/2019\/01\/image-300x150.png 300w, https:\/\/coglobal.es\/os\/wp-content\/uploads\/2019\/01\/image-768x385.png 768w, https:\/\/coglobal.es\/os\/wp-content\/uploads\/2019\/01\/image.png 1841w\" sizes=\"(max-width: 1024px) 100vw, 1024px\" \/><\/figure><\/div>\n\n\n\n<div class=\"wp-block-columns has-2-columns is-layout-flex wp-container-core-columns-is-layout-1 wp-block-columns-is-layout-flex\">\n<div class=\"wp-block-column is-layout-flow wp-block-column-is-layout-flow\">\n<h2 class=\"wp-block-heading\">Nuestras prioridades<\/h2>\n\n\n\n<p><strong>Fortalecer la relaci\u00f3n de NNA con la administraci\u00f3n local y la\nsociedad civil <\/strong>en defensa\nde los ODS,interviniendo desde tres\nperspectivas: <\/p>\n\n\n\n<ul><li>Trabajando con la administraci\u00f3n\nlocal, centros educativos y organizaciones sociales para la participaci\u00f3n de\nNNA en la esfera p\u00fablica y en los asuntos que les ata\u00f1en, de acuerdo con lo\npropuesto en la <strong>Convenci\u00f3n sobre los\nDerechos del Ni\u00f1o<\/strong>.<\/li><li>Acercando a NNA a estas\nadministraciones y organizaciones, posibilitando su di\u00e1logo con las mismas. \u2028<\/li><li>El uso de estrategias de comunicaci\u00f3n\npara el cambio social. \u2028<\/li><\/ul>\n\n\n\n<p><strong>Equidad de g\u00e9nero y enfoque de g\u00e9nero en desarrollo <\/strong>trabajando la relaci\u00f3n entre la desigualdad Norte-Sur,\nfeminizaci\u00f3n de la pobreza y las migraciones, retratadas especialmente en las\ncadenas globales de cuidados, vincul\u00e1ndolas con realidades visibles del entorno\nde los escolares (la dimensi\u00f3n global y local de los cuidados). <\/p>\n\n\n\n<p><strong>Respeto a la diversidad cultural <\/strong>integrada de manera transversal en todo el desarrollo del programa\nas\u00ed como, de forma espec\u00edfica, al incorporar la dimensi\u00f3n del Sur desde la\npropia historia de desarrollo reciente como el bagaje de la poblaci\u00f3n emigrante\nretornada. \u2028<strong>Protecci\u00f3n del medio ambiente y su gesti\u00f3n\nsostenible <\/strong>desde el acercamiento a su contexto inmediato como\na la interrelaci\u00f3n medioambiental del desarrollo sostenible.\n\n\n\n<\/p>\n\n\n\n<p><\/p>\n<\/div>\n\n\n\n<div class=\"wp-block-column is-layout-flow wp-block-column-is-layout-flow\">\n<h2 class=\"wp-block-heading\">\u00bfAqui\u00e9n nos dirigimos?<\/h2>\n\n\n\n<p><strong>Ni\u00f1as, ni\u00f1os y adolescentes. <\/strong>Grupos escolares entre 10-12 a\u00f1os, prioritariamente. Constituyen\nel centro de la intervenci\u00f3n y mediante su participaci\u00f3n conectamos con el\nresto de actores. <\/p>\n\n\n\n<p><strong>Representantes pol\u00edticos y t\u00e9cnicos municipales. <\/strong>Participan a trav\u00e9s de la selecci\u00f3n de los CEIP donde se realiza\nla intervenci\u00f3n y la colaboraci\u00f3n con los grupos de NNA para la ejecuci\u00f3n de\nactividades. <\/p>\n\n\n\n<p><strong>Docentes. <\/strong>Equipos directivos y tutores que\nparticipan en la elecci\u00f3n de los grupos y el seguimiento de la intervenci\u00f3n. <\/p>\n\n\n\n<p><strong>Medios de Comunicaci\u00f3n Social. <\/strong>Se incorporan a trav\u00e9s del compromiso de difusi\u00f3n de las campa\u00f1as\nde sensibilizaci\u00f3n elaboradas por NNA. <strong>Unidades de convivencia, AMPAS, AA.VV. y entorno\nsocial. <\/strong>Son receptoras de las campa\u00f1as de sensibilizaci\u00f3n\nrealizadas por las NNA.\n\n\n\n<\/p>\n<\/div>\n<\/div>\n\n\n\n<h2 class=\"wp-block-heading\">Red de entidades<\/h2>\n\n\n\n<p>El programa es dise\u00f1ado y ejecutado por <strong>Coglobal<\/strong>,contando con la colaboraci\u00f3n\nde una red de entidades:<\/p>\n\n\n\n<ul><li><strong>Gobiernos\nlocales<\/strong>, ayuntamientos, distritos municipales, pedan\u00edas\no entidades locales asociadas. Asumen un compromiso de colaboraci\u00f3n con el\nprograma mediante:<ul><li>Apoyo en la selecci\u00f3n de los centros escolares y\ngrupos de NNA para la intervenci\u00f3n<\/li><\/ul><ul><li>Invitaci\u00f3n a los grupos de NNA participantes a\nvisitar y conocer las instalaciones y funcionamiento de la administraci\u00f3n, en\nparticular en lo relativo a la promoci\u00f3n de los ODS.<\/li><\/ul><ul><li>Apoyar al alumnado en la ejecuci\u00f3n de las\nactividades que propongan como resultado de <em>OS!<\/em>,\nsiempre en el marco de las limitaciones t\u00e9cnicas y presupuestarias de la\ninstituci\u00f3n<\/li><\/ul><ul><li>Difundir las actividades que se desarrollen en el\nmarco de ejecuci\u00f3n de OS!<\/li><\/ul><\/li><li><strong>Centros\neducativos<\/strong>, que se comprometen con la viabilidad de las\nintervenciones, facilitando acceso a las aulas en calendario y horarios\nacordados previamente, as\u00ed como la comunicaci\u00f3n con las unidades de convivencia\nde NNA para tramitar las autorizaciones necesarias (salidas y uso de imagen).<\/li><li><strong>ONGD<\/strong> y\notras organizaciones sociales que aportan conocimientos y contenidos did\u00e1cticos\nque se trasladan al dise\u00f1o de la intervenci\u00f3n.<\/li><li><strong>Medios\nde comunicaci\u00f3n comunitarios y locales<\/strong> que\nasumen un compromiso de difusi\u00f3n de las actividades organizadas por NNA y los\nmateriales audiovisuales que documentan el programa.<\/li><li><strong>Universidades<\/strong>\ny equipos de investigaci\u00f3n que dise\u00f1an herramientas de evaluaci\u00f3n (registro\nobservacional, sociogramas y pre y post test) e interpretar\u00e1n los datos\nrecogidos. Asimismo se facilita el desarrollo de <em>practicum<\/em> de alumnado universitario en <em>OS!<\/em> <\/li><\/ul>\n\n\n\n<p>\n\nTodas las entidades que colaboran en el programa son\ninvitadas a participar en el seguimiento y evaluaci\u00f3n del programa.\n\n\n\n<\/p>\n\n\n\n<h2 class=\"wp-block-heading\">Las sesiones en clase<\/h2>\n\n\n\n<p>OS! est\u00e1 dise\u00f1ado para su desarrollo con clases\ncompletas de 5\u00ba o 6\u00ba de primaria, aunque se puede llevar a cabo con grupos de\notra naturaleza, como Consejos de Infancia, NNA de asociaciones, etc.<strong><\/strong><\/p>\n\n\n\n<p>La intervenci\u00f3n con los grupo de NNA dura\naproximadamente 3-4 meses a trav\u00e9s de: \u2028<\/p>\n\n\n\n<ul><li>7 sesiones de hora y media, en horario escolar en\nel caso de los grupos de primaria\u2028<\/li><li>Una visita de 4 horas a dependencias o programas\nde la administraci\u00f3n local \u2028<\/li><li>La realizaci\u00f3n de (a) una campa\u00f1a audiovisual y\n(b) actividades hechas por los grupos de NNA, destinadas a difundir en su\nentorno los ODS. \u2028<\/li><\/ul>\n\n\n\n<p> La intervenci\u00f3n se completa con la comunicaci\u00f3n entre los grupos de NNA a trav\u00e9s de la plataforma web colaborativa www.coglobal.es\/os.  <\/p>\n\n\n\n<h3 class=\"wp-block-heading\">Sesiones con los grupos de   NNA de OS!    <\/h3>\n\n\n\n<p class=\"has-background\" style=\"background-color:#efdcf3\">Sesi\u00f3n 1. CONOCI\u00c9NDONOS:   presentaci\u00f3n del programa, de los participantes y acercamiento a los ODS.   Evaluaci\u00f3n de la sesi\u00f3n.    <\/p>\n\n\n\n<p class=\"has-background\" style=\"background-color:#ddf3e0\">Sesi\u00f3n 2. INDAGAMOS: profundizaci\u00f3n   en los ODS identificados. Preparaci\u00f3n propuesta de investigaci\u00f3n mi   familia\/nuestro pueblo; din\u00e1mica de empoderamiento comunicativo. Evaluaci\u00f3n   de la sesi\u00f3n.    <\/p>\n\n\n\n<p class=\"has-background\" style=\"background-color:#dde8f3\">Sesi\u00f3n 3. REPENSAR(NOS): Consumo   responsable, participaci\u00f3n y sostenibilidad; conocer acciones y alternativas   locales para alcanzar los ODS, a trav\u00e9s de juegos; aproximaci\u00f3n al concepto   de incidencia pol\u00edtica; din\u00e1mica para valorar lo aprendido; din\u00e1mica de   cohesi\u00f3n grupal. Evaluaci\u00f3n de la sesi\u00f3n. <\/p>\n\n\n\n<p class=\"has-background\" style=\"background-color:#ebdfd1\">Sesi\u00f3n 4. CIUDADAN\u00cdA: Exposici\u00f3n de   la informaci\u00f3n recopilada por el alumnado sobre migraciones en su entorno;   din\u00e1mica de juego sobre la Cadena global de cuidados; din\u00e1mica sobre   conocimiento de pol\u00edtica local. \u00bfY t\u00fa cu\u00e1nto sabe sobre tu Ayuntamiento?   Evaluaci\u00f3n de la sesi\u00f3n.<\/p>\n\n\n\n<p class=\"has-background\" style=\"background-color:#ebd1e5\">Sesi\u00f3n 5. SALIMOS AL TERRENO:   Visita guiada al Ayuntamiento\/Junta de Distrito en compa\u00f1\u00eda de una   representaci\u00f3n institucional. Din\u00e1mica sobre empoderamiento comunicativo   (II). Acerc\u00e1ndonos al discurso narrativo audiovisual; grabaci\u00f3n en v\u00eddeo, por   parte del alumnado, de las propuestas para alcanzar los ODS. Evaluaci\u00f3n de la   sesi\u00f3n. <\/p>\n\n\n\n<p class=\"has-background\" style=\"background-color:#ceeef9\">Sesi\u00f3n 6. PROPONEMOS: Din\u00e1mica de   propuestas de acciones para la campa\u00f1a (an\u00f3nimas y trabajo en grupo);   Grabaci\u00f3n de las propuestas priorizadas por cada grupo, din\u00e1mica de asertividad   y argumentaci\u00f3n. Evaluaci\u00f3n de la sesi\u00f3n.<\/p>\n\n\n\n<p class=\"has-background\" style=\"background-color:#f9e2cd\">Sesi\u00f3n 7. DE LA IMAGINACI\u00d3N A LA   ACCI\u00d3N: Un\/a representante del Ayuntamiento presenta la viabilidad de las   propuestas planteadas; din\u00e1mica de defensa cruzada de las propuestas viables;   debate y reflexi\u00f3n sobre las propuestas finales; din\u00e1mica de desinhibici\u00f3n   del grupo. Evaluaci\u00f3n de la sesi\u00f3n. <\/p>\n\n\n\n<p class=\"has-background\" style=\"background-color:#cdd4f9\">Sesi\u00f3n 8. QU\u00c9\/QUI\u00c9N\/C\u00d3MO\/CU\u00c1NDO: 1.   Continuaci\u00f3n de debate y votaci\u00f3n de propuestas; Conformaci\u00f3n de la Comisi\u00f3n   de Seguimiento; introducci\u00f3n a la preparaci\u00f3n del Pleno, din\u00e1mica de refuerzo   de las cualidades positivas del grupo. Evaluaci\u00f3n de la sesi\u00f3n. <\/p>\n\n\n\n<h2 class=\"wp-block-heading\">Actividades de sensibilizaci\u00f3n<\/h2>\n\n\n\n<p>Una vez finalizadas las sesiones en clase, se realizar\u00e1n actividades de sensibilizaci\u00f3n&nbsp; por los ODS mediante la cogesti\u00f3n con escolares, colectivos sociales y ayuntamientos. <\/p>\n\n\n\n<figure class=\"wp-block-image\"><img loading=\"lazy\" decoding=\"async\" width=\"1024\" height=\"767\" src=\"https:\/\/coglobal.es\/os\/wp-content\/uploads\/2019\/01\/image-2-1024x767.png\" alt=\"\" class=\"wp-image-656\" srcset=\"https:\/\/coglobal.es\/os\/wp-content\/uploads\/2019\/01\/image-2-1024x767.png 1024w, https:\/\/coglobal.es\/os\/wp-content\/uploads\/2019\/01\/image-2-300x225.png 300w, https:\/\/coglobal.es\/os\/wp-content\/uploads\/2019\/01\/image-2-768x575.png 768w, https:\/\/coglobal.es\/os\/wp-content\/uploads\/2019\/01\/image-2.png 1842w\" sizes=\"(max-width: 1024px) 100vw, 1024px\" \/><\/figure>\n\n\n\n<h2 class=\"wp-block-heading\">La centralidad de la comunicaci\u00f3n<\/h2>\n\n\n\n<p>NNA participantes en <em>Objetivo Sostenibilidad! <\/em>se aproximan a la narrativa audiovisual y a la creaci\u00f3n de v\u00eddeos que dan difusi\u00f3n de su aprendizaje, ideas y opiniones respecto a&nbsp; los ODS. Estas piezas se podr\u00e1n compartir en la plataforma web colaborativa <a href=\"https:\/\/coglobal.es\/os\">www.coglobal.es\/os<\/a>. El desarrollo del proyecto y sus productos se reflejar\u00e1n en documentales que incrementar\u00e1n la visibilidad del trabajo realizado. Los documentales ser\u00e1n volcados en la plataforma colaborativa, tv locales y redes sociales. <\/p>\n\n\n\n<div class=\"wp-block-image\"><figure class=\"aligncenter\"><img loading=\"lazy\" decoding=\"async\" width=\"1024\" height=\"576\" src=\"https:\/\/coglobal.es\/os\/wp-content\/uploads\/2019\/01\/image-3-1024x576.png\" alt=\"\" class=\"wp-image-657\" srcset=\"https:\/\/coglobal.es\/os\/wp-content\/uploads\/2019\/01\/image-3-1024x576.png 1024w, https:\/\/coglobal.es\/os\/wp-content\/uploads\/2019\/01\/image-3-300x169.png 300w, https:\/\/coglobal.es\/os\/wp-content\/uploads\/2019\/01\/image-3-768x432.png 768w, https:\/\/coglobal.es\/os\/wp-content\/uploads\/2019\/01\/image-3.png 1838w\" sizes=\"(max-width: 1024px) 100vw, 1024px\" \/><\/figure><\/div>\n\n\n\n<h2 class=\"wp-block-heading\">Transparencia<\/h2>\n\n\n\n<p><\/p>\n\n\n\n<figure class=\"wp-block-table is-style-stripes\"><table><thead><tr><th class=\"has-text-align-left\" data-align=\"left\"><strong>Aportaciones y&nbsp;resumen de financiaci\u00f3n<\/strong> <\/th><th class=\"has-text-align-right\" data-align=\"right\"><\/th><th class=\"has-text-align-right\" data-align=\"right\"><\/th><th class=\"has-text-align-right\" data-align=\"right\"><\/th><\/tr><\/thead><tbody><tr><td class=\"has-text-align-left\" data-align=\"left\"><strong>Nombre Entidad&nbsp;<\/strong> <\/td><td class=\"has-text-align-right\" data-align=\"right\">\n<strong>Fecha concesi\u00f3n<\/strong>\n<\/td><td class=\"has-text-align-right\" data-align=\"right\">\n<strong>Fecha Finalizaci\u00f3n<\/strong>\n<\/td><td class=\"has-text-align-right\" data-align=\"right\">\n<strong>Importe \u20ac<\/strong>\n<\/td><\/tr><tr><td class=\"has-text-align-left\" data-align=\"left\">Ayuntamiento de Sevilla<\/td><td class=\"has-text-align-right\" data-align=\"right\">15\/11\/2020<\/td><td class=\"has-text-align-right\" data-align=\"right\">14\/11\/2021<\/td><td class=\"has-text-align-right\" data-align=\"right\">15.197,80 \u20ac<\/td><\/tr><tr><td class=\"has-text-align-left\" data-align=\"left\"> <\/td><td class=\"has-text-align-right\" data-align=\"right\">01\/10\/2021  <\/td><td class=\"has-text-align-right\" data-align=\"right\">31\/08\/2022  <\/td><td class=\"has-text-align-right\" data-align=\"right\">12.439,30 \u20ac <\/td><\/tr><tr><td class=\"has-text-align-left\" data-align=\"left\">Regi\u00f3n de Murcia<\/td><td class=\"has-text-align-right\" data-align=\"right\">01\/10\/2021<\/td><td class=\"has-text-align-right\" data-align=\"right\">30\/092022<\/td><td class=\"has-text-align-right\" data-align=\"right\">10.000,00 \u20ac <\/td><\/tr><tr><td class=\"has-text-align-left\" data-align=\"left\">\nCofinanciaci\u00f3n Coglobal\n<\/td><td class=\"has-text-align-right\" data-align=\"right\">\n<br>\n<\/td><td class=\"has-text-align-right\" data-align=\"right\">\n<br>\n<\/td><td class=\"has-text-align-right\" data-align=\"right\"> &nbsp; 50.008,54 \u20ac&nbsp; <\/td><\/tr><\/tbody><tfoot><tr><td class=\"has-text-align-left\" data-align=\"left\"><\/td><td class=\"has-text-align-right\" data-align=\"right\"><\/td><td class=\"has-text-align-right\" data-align=\"right\"><\/td><td class=\"has-text-align-right\" data-align=\"right\"><\/td><\/tr><tr><td class=\"has-text-align-left\" data-align=\"left\"><strong>Total&nbsp;<\/strong> <\/td><td class=\"has-text-align-right\" data-align=\"right\"><\/td><td class=\"has-text-align-right\" data-align=\"right\"><\/td><td class=\"has-text-align-right\" data-align=\"right\"><strong>87.645,64 \u20ac <\/strong><\/td><\/tr><\/tfoot><\/table><\/figure>\n","protected":false},"excerpt":{"rendered":"<p>Objetivo Sostenibilidad! (OS!) es un programa que combina estrategias de educaci\u00f3n para el desarrollo y democracia participativa. Su objetivo es trabajar con ni\u00f1os, ni\u00f1as y adolescentes (NNA), potenciando su rol de agentes para una ciudadan\u00eda global y solidaria mediante acciones de participaci\u00f3n en pol\u00edticas p\u00fablicas de divulgaci\u00f3n de los Objetivos de Desarrollo Sostenible (ODS). Con un enfoque participativo y de g\u00e9nero, se establecen alianzas entre el gobierno local, organizaciones sociales y NNA, se fomenta la cultura democr\u00e1tica y el empoderamiento comunicativo. OS! acerca a NNA a la agenda global desde su contexto vital y el reconocimiento de sus capacidades ante [&#8230;]<\/p>\n<p><a class=\"btn btn-secondary understrap-read-more-link\" href=\"https:\/\/coglobal.es\/os\/about\/\">Leer m\u00e1s&#8230;<\/a><\/p>\n","protected":false},"author":1,"featured_media":64,"parent":0,"menu_order":0,"comment_status":"closed","ping_status":"closed","template":"page-templates\/fullwidthpage.php","meta":{"footnotes":""},"featured_image_urls_v2":{"full":["https:\/\/coglobal.es\/os\/wp-content\/uploads\/2018\/02\/houseboat-web.jpg",1348,978,false],"thumbnail":["https:\/\/coglobal.es\/os\/wp-content\/uploads\/2018\/02\/houseboat-web-150x150.jpg",150,150,true],"medium":["https:\/\/coglobal.es\/os\/wp-content\/uploads\/2018\/02\/houseboat-web-300x218.jpg",300,218,true],"medium_large":["https:\/\/coglobal.es\/os\/wp-content\/uploads\/2018\/02\/houseboat-web-768x557.jpg",640,464,true],"large":["https:\/\/coglobal.es\/os\/wp-content\/uploads\/2018\/02\/houseboat-web-1024x743.jpg",640,464,true],"1536x1536":["https:\/\/coglobal.es\/os\/wp-content\/uploads\/2018\/02\/houseboat-web.jpg",1348,978,false],"2048x2048":["https:\/\/coglobal.es\/os\/wp-content\/uploads\/2018\/02\/houseboat-web.jpg",1348,978,false]},"post_excerpt_stackable_v2":"<p>Objetivo Sostenibilidad! (OS!) es un programa que combina estrategias de educaci\u00f3n para el desarrollo y democracia participativa. Su objetivo es trabajar con ni\u00f1os, ni\u00f1as y adolescentes (NNA), potenciando su rol de agentes para una ciudadan\u00eda global y solidaria mediante acciones de participaci\u00f3n en pol\u00edticas p\u00fablicas de divulgaci\u00f3n de los Objetivos de Desarrollo Sostenible (ODS). Con un enfoque participativo y de g\u00e9nero, se establecen alianzas entre el gobierno local, organizaciones sociales y NNA, se fomenta la cultura democr\u00e1tica y el empoderamiento comunicativo. OS! acerca a NNA a la agenda global desde su contexto vital y el reconocimiento de sus capacidades ante&hellip;<\/p>\n","category_list_v2":"","author_info_v2":{"name":"OS!","url":"https:\/\/coglobal.es\/os\/author\/coglobal_w2voeg\/"},"comments_num_v2":"0 comentarios","_links":{"self":[{"href":"https:\/\/coglobal.es\/os\/wp-json\/wp\/v2\/pages\/8"}],"collection":[{"href":"https:\/\/coglobal.es\/os\/wp-json\/wp\/v2\/pages"}],"about":[{"href":"https:\/\/coglobal.es\/os\/wp-json\/wp\/v2\/types\/page"}],"author":[{"embeddable":true,"href":"https:\/\/coglobal.es\/os\/wp-json\/wp\/v2\/users\/1"}],"replies":[{"embeddable":true,"href":"https:\/\/coglobal.es\/os\/wp-json\/wp\/v2\/comments?post=8"}],"version-history":[{"count":9,"href":"https:\/\/coglobal.es\/os\/wp-json\/wp\/v2\/pages\/8\/revisions"}],"predecessor-version":[{"id":1869,"href":"https:\/\/coglobal.es\/os\/wp-json\/wp\/v2\/pages\/8\/revisions\/1869"}],"wp:featuredmedia":[{"embeddable":true,"href":"https:\/\/coglobal.es\/os\/wp-json\/wp\/v2\/media\/64"}],"wp:attachment":[{"href":"https:\/\/coglobal.es\/os\/wp-json\/wp\/v2\/media?parent=8"}],"curies":[{"name":"wp","href":"https:\/\/api.w.org\/{rel}","templated":true}]}}